{"id":2,"date":"2022-03-15T10:49:34","date_gmt":"2022-03-15T13:49:34","guid":{"rendered":"http:\/\/repositoriofamen.com.br\/?page_id=2"},"modified":"2024-02-08T19:09:10","modified_gmt":"2024-02-08T22:09:10","slug":"pagina-exemplo","status":"publish","type":"page","link":"https:\/\/repositoriofamen.com.br\/","title":{"rendered":"In\u00edcio"},"content":{"rendered":"\t\t<div data-elementor-type=\"wp-page\" data-elementor-id=\"2\" class=\"elementor elementor-2\">\n\t\t\t\t\t\t<section class=\"elementor-section elementor-top-section elementor-element elementor-element-ebc37af elementor-section-boxed elementor-section-height-default elementor-section-height-default\" data-id=\"ebc37af\" data-element_type=\"section\">\n\t\t\t\t\t\t<div class=\"elementor-container elementor-column-gap-default\">\n\t\t\t\t\t<div class=\"elementor-column elementor-col-100 elementor-top-column elementor-element elementor-element-8e2a4c7\" data-id=\"8e2a4c7\" data-element_type=\"column\">\n\t\t\t<div class=\"elementor-widget-wrap elementor-element-populated\">\n\t\t\t\t\t\t<div class=\"elementor-element elementor-element-a4bdf8f elementor-widget elementor-widget-image\" data-id=\"a4bdf8f\" data-element_type=\"widget\" data-widget_type=\"image.default\">\n\t\t\t\t<div class=\"elementor-widget-container\">\n\t\t\t\t\t\t\t\t\t\t\t\t\t\t\t<img decoding=\"async\" src=\"https:\/\/repositoriofamen.com.br\/wp-content\/uploads\/elementor\/thumbs\/Famen-Logo-01-fb-q5i6u8t4k8s9xazz1mon9jjavac402haki8pgnpx5u.png\" title=\"Famen &#8211; Logo 01 fb\" alt=\"Famen - Logo 01 fb\" loading=\"lazy\" \/>\t\t\t\t\t\t\t\t\t\t\t\t\t\t\t<\/div>\n\t\t\t\t<\/div>\n\t\t\t\t<div class=\"elementor-element elementor-element-da3f542 elementor-widget elementor-widget-heading\" data-id=\"da3f542\" data-element_type=\"widget\" data-widget_type=\"heading.default\">\n\t\t\t\t<div class=\"elementor-widget-container\">\n\t\t\t\t\t<h1 class=\"elementor-heading-title elementor-size-default\">PESQUISAR NO REPOSIT\u00d3RIO FAMEN<\/h1>\t\t\t\t<\/div>\n\t\t\t\t<\/div>\n\t\t\t\t\t<\/div>\n\t\t<\/div>\n\t\t\t\t\t<\/div>\n\t\t<\/section>\n\t\t\t\t<section class=\"elementor-section elementor-top-section elementor-element elementor-element-c1eb778 elementor-section-boxed elementor-section-height-default elementor-section-height-default\" data-id=\"c1eb778\" data-element_type=\"section\">\n\t\t\t\t\t\t<div class=\"elementor-container elementor-column-gap-default\">\n\t\t\t\t\t<div class=\"elementor-column elementor-col-100 elementor-top-column elementor-element elementor-element-8fe3d5d\" data-id=\"8fe3d5d\" data-element_type=\"column\">\n\t\t\t<div class=\"elementor-widget-wrap elementor-element-populated\">\n\t\t\t\t\t\t<div class=\"elementor-element elementor-element-583cdba animated-slow elementor-invisible elementor-widget elementor-widget-wp-widget-search\" data-id=\"583cdba\" data-element_type=\"widget\" data-settings=\"{&quot;_animation&quot;:&quot;fadeIn&quot;}\" data-widget_type=\"wp-widget-search.default\">\n\t\t\t\t<div class=\"elementor-widget-container\">\n\t\t\t\t\t<form role=\"search\" method=\"post\" name=\"tainacan-search-form\" class=\"search-form\" onsubmit=\"return onTainacanSearchSubmit()\" style=\"margin-block-end: 0px;\">\n\t<div class=\"input-group\">\n\t\t<input class=\"form-control py-2\" type=\"search\" name=\"s\" placeholder=\"Buscar\" id=\"tainacan-search\">\n\t\t<span class=\"input-group-append d-none d-md-block\">\n\t\t\t<button class=\"btn btn-outline-secondary bg-white\" type=\"submit\">\n\t\t\t\t<i class=\"tainacan-icon tainacan-icon-search\" style=\"line-height: inherit;\"><\/i>\n\t\t\t<\/button>\n\t\t<\/span>\n\t<\/div>\n\t\t\t<div class=\"search-controls\" >\n\n\t\t\t<label for=\"search-global\">\n\t\t\t\t<input\n\t\t\t\t\ttype=\"radio\" \n\t\t\t\t\tvalue=\"global\" \n\t\t\t\t\tname=\"archive\"\n\t\t\t\t\t\t\t\t\t\tid=\"search-global\">\n\t\t\t\tCole\u00e7\u00f5es\t\t\t<\/label>\n\n\t\t\t\t\t\t\t\n\t\t\t\t<label for=\"search-on-items\">\n\t\t\t\t\t<input\n\t\t\t\t\t\ttype=\"radio\" \n\t\t\t\t\t\tvalue=\"tainacan-items\" \n\t\t\t\t\t\tname=\"archive\"\n\t\t\t\t\t\tchecked=\"checked\"\t\t\t\t\t\tid=\"search-on-items\">\n\t\t\t\t\tItens\t\t\t\t<\/label>\n\n\t\t\t\n\t\t\t\t<label for=\"search-on-collections\">\n\t\t\t\t\t<input\n\t\t\t\t\t\ttype=\"radio\" \n\t\t\t\t\t\tvalue=\"tainacan-collections\" \n\t\t\t\t\t\tname=\"archive\"\n\t\t\t\t\t\t\t\t\t\t\t\tid=\"search-on-collections\">\n\t\t\t\t\tCole\u00e7\u00f5es\t\t\t\t<\/label>\n\n\t\t\t\t\t<\/div>\n\t<\/form>\n\t\t\t\t<\/div>\n\t\t\t\t<\/div>\n\t\t\t\t\t<\/div>\n\t\t<\/div>\n\t\t\t\t\t<\/div>\n\t\t<\/section>\n\t\t\t\t<section class=\"elementor-section elementor-top-section elementor-element elementor-element-30681c7 elementor-section-boxed elementor-section-height-default elementor-section-height-default\" data-id=\"30681c7\" data-element_type=\"section\">\n\t\t\t\t\t\t<div class=\"elementor-container elementor-column-gap-default\">\n\t\t\t\t\t<div class=\"elementor-column elementor-col-100 elementor-top-column elementor-element elementor-element-d8ee976\" data-id=\"d8ee976\" data-element_type=\"column\">\n\t\t\t<div class=\"elementor-widget-wrap elementor-element-populated\">\n\t\t\t\t\t\t<div class=\"elementor-element elementor-element-265b913 elementor-widget elementor-widget-text-editor\" data-id=\"265b913\" data-element_type=\"widget\" data-widget_type=\"text-editor.default\">\n\t\t\t\t<div class=\"elementor-widget-container\">\n\t\t\t\t\t\t\t\t\t<p style=\"text-align: justify;\">O Reposit\u00f3rio Institucional \u00e9 um ambiente virtual disponibilizado para reunir a produ\u00e7\u00e3o intelectual da comunidade acad\u00eamica (docentes, t\u00e9cnicos e alunos de gradua\u00e7\u00e3o e de p\u00f3s-gradua\u00e7\u00e3o) da\u00a0<strong>Faculdade Metropolitana Norte RioGrandense \u2013 FAMEN<\/strong>, bem como das produ\u00e7\u00f5es consolidadas por meio da Editora FAMEN que difunde conhecimentos em ambiente\u00a0<em>online<\/em>. O Reposit\u00f3rio FAMEN foi criado pela\u00a0<strong>Resolu\u00e7\u00e3o n\u00b0 10\/2019 de seu Conselho Superior\u00a0<\/strong>que estabelece normas sobre a Pol\u00edtica Institucional de Informa\u00e7\u00e3o T\u00e9cnico-Cient\u00edfica na Faculdade. A miss\u00e3o do Reposit\u00f3rio Institucional da FAMEN \u00e9 armazenar, preservar e disponibilizar na Internet, textos completos facilitando o acesso livre para os interlocutores usu\u00e1rios do servi\u00e7o\u00a0<em>online<\/em>.<\/p>\t\t\t\t\t\t\t\t<\/div>\n\t\t\t\t<\/div>\n\t\t\t\t\t<\/div>\n\t\t<\/div>\n\t\t\t\t\t<\/div>\n\t\t<\/section>\n\t\t\t\t<\/div>\n\t\t","protected":false},"excerpt":{"rendered":"<p>PESQUISAR NO REPOSIT\u00d3RIO FAMEN O Reposit\u00f3rio Institucional \u00e9 um ambiente virtual disponibilizado para reunir a produ\u00e7\u00e3o intelectual da comunidade acad\u00eamica (docentes, t\u00e9cnicos e alunos de gradua\u00e7\u00e3o e de p\u00f3s-gradua\u00e7\u00e3o) da\u00a0Faculdade Metropolitana Norte RioGrandense \u2013 FAMEN, bem como das produ\u00e7\u00f5es consolidadas por meio da Editora FAMEN que difunde conhecimentos em ambiente\u00a0online. O Reposit\u00f3rio FAMEN foi criado [&hellip;]<\/p>\n","protected":false},"author":1,"featured_media":0,"parent":0,"menu_order":0,"comment_status":"closed","ping_status":"open","template":"","meta":{"footnotes":""},"class_list":["post-2","page","type-page","status-publish","hentry"],"_links":{"self":[{"href":"https:\/\/repositoriofamen.com.br\/index.php\/wp-json\/wp\/v2\/pages\/2","targetHints":{"allow":["GET"]}}],"collection":[{"href":"https:\/\/repositoriofamen.com.br\/index.php\/wp-json\/wp\/v2\/pages"}],"about":[{"href":"https:\/\/repositoriofamen.com.br\/index.php\/wp-json\/wp\/v2\/types\/page"}],"author":[{"embeddable":true,"href":"https:\/\/repositoriofamen.com.br\/index.php\/wp-json\/wp\/v2\/users\/1"}],"replies":[{"embeddable":true,"href":"https:\/\/repositoriofamen.com.br\/index.php\/wp-json\/wp\/v2\/comments?post=2"}],"version-history":[{"count":197,"href":"https:\/\/repositoriofamen.com.br\/index.php\/wp-json\/wp\/v2\/pages\/2\/revisions"}],"predecessor-version":[{"id":1752,"href":"https:\/\/repositoriofamen.com.br\/index.php\/wp-json\/wp\/v2\/pages\/2\/revisions\/1752"}],"wp:attachment":[{"href":"https:\/\/repositoriofamen.com.br\/index.php\/wp-json\/wp\/v2\/media?parent=2"}],"curies":[{"name":"wp","href":"https:\/\/api.w.org\/{rel}","templated":true}]}}